{"id":7,"date":"2021-02-24T09:29:27","date_gmt":"2021-02-24T08:29:27","guid":{"rendered":"https:\/\/larecettebypatchino.fr\/?page_id=7"},"modified":"2024-04-02T14:06:43","modified_gmt":"2024-04-02T12:06:43","slug":"a-propos","status":"publish","type":"page","link":"https:\/\/larecettebypatchino.fr\/index.php\/a-propos\/","title":{"rendered":"\u00c0 propos"},"content":{"rendered":"\t\t<div data-elementor-type=\"wp-page\" data-elementor-id=\"7\" class=\"elementor elementor-7\" data-elementor-post-type=\"page\">\n\t\t\t\t\t\t<section class=\"elementor-section elementor-top-section elementor-element elementor-element-4a4fc9c6 elementor-section-height-min-height elementor-section-stretched elementor-section-boxed elementor-section-height-default elementor-section-items-middle\" data-id=\"4a4fc9c6\" data-element_type=\"section\" data-e-type=\"section\" data-settings=\"{&quot;background_background&quot;:&quot;classic&quot;,&quot;stretch_section&quot;:&quot;section-stretched&quot;}\">\n\t\t\t\t\t\t\t<div class=\"elementor-background-overlay\"><\/div>\n\t\t\t\t\t\t\t<div class=\"elementor-container elementor-column-gap-default\">\n\t\t\t\t\t<div class=\"elementor-column elementor-col-100 elementor-top-column elementor-element elementor-element-48eb0bb9\" data-id=\"48eb0bb9\" data-element_type=\"column\" data-e-type=\"column\">\n\t\t\t<div class=\"elementor-widget-wrap\">\n\t\t\t\t\t\t\t<\/div>\n\t\t<\/div>\n\t\t\t\t\t<\/div>\n\t\t<\/section>\n\t\t\t\t<section class=\"elementor-section elementor-top-section elementor-element elementor-element-8c00f44 elementor-section-boxed elementor-section-height-default elementor-section-height-default\" data-id=\"8c00f44\" data-element_type=\"section\" data-e-type=\"section\">\n\t\t\t\t\t\t<div class=\"elementor-container elementor-column-gap-default\">\n\t\t\t\t\t<div class=\"elementor-column elementor-col-50 elementor-top-column elementor-element elementor-element-824fe62\" data-id=\"824fe62\" data-element_type=\"column\" data-e-type=\"column\" data-settings=\"{&quot;background_background&quot;:&quot;classic&quot;}\">\n\t\t\t<div class=\"elementor-widget-wrap elementor-element-populated\">\n\t\t\t\t\t\t<div class=\"elementor-element elementor-element-1277e15 elementor-widget elementor-widget-heading\" data-id=\"1277e15\" data-element_type=\"widget\" data-e-type=\"widget\" data-widget_type=\"heading.default\">\n\t\t\t\t<div class=\"elementor-widget-container\">\n\t\t\t\t\t<h3 class=\"elementor-heading-title elementor-size-default\">La Recette<\/h3>\t\t\t\t<\/div>\n\t\t\t\t<\/div>\n\t\t\t\t<div class=\"elementor-element elementor-element-3d03376 elementor-widget elementor-widget-heading\" data-id=\"3d03376\" data-element_type=\"widget\" data-e-type=\"widget\" data-widget_type=\"heading.default\">\n\t\t\t\t<div class=\"elementor-widget-container\">\n\t\t\t\t\t<p class=\"elementor-heading-title elementor-size-default\">By Patchino<\/p>\t\t\t\t<\/div>\n\t\t\t\t<\/div>\n\t\t\t\t<div class=\"elementor-element elementor-element-42734c5a elementor-widget elementor-widget-text-editor\" data-id=\"42734c5a\" data-element_type=\"widget\" data-e-type=\"widget\" data-widget_type=\"text-editor.default\">\n\t\t\t\t<div class=\"elementor-widget-container\">\n\t\t\t\t\t\t\t\t\t<div dir=\"auto\"><p>Situ\u00e9 \u00e0 Boujan-Sur-Libron, \u00e0 100m apr\u00e8s la Clinique St-Privat, LA RECETTE BY PATCHINO vous re\u00e7oit d\u00e8s 8h30 pour un petit d\u00e9jeuner \u00e0 la Fran\u00e7aise.<\/p>\n<\/div>\n<div dir=\"auto\"><p>La Brasserie vous propose ses Formules du midi avec ses recettes \u00e0 base de produits frais de saison, sur place ou \u00e0 emporter sur commande; vous pourrez \u00e9galement profiter de ses Formules Sandwichs \u00e0 d\u00e9guster sur place ou \u00e0 emporter.<\/p>\n<\/div>\n<div dir=\"auto\">Tous les premiers Vendredis du mois, venez nous rejoindre pour une soir\u00e9e anim\u00e9e,<\/div>\n<div dir=\"auto\"><p>A tr\u00e8s vite&#8230;<\/p>\n<\/div>\t\t\t\t\t\t\t\t<\/div>\n\t\t\t\t<\/div>\n\t\t\t\t\t<\/div>\n\t\t<\/div>\n\t\t\t\t<div class=\"elementor-column elementor-col-50 elementor-top-column elementor-element elementor-element-60a752d\" data-id=\"60a752d\" data-element_type=\"column\" data-e-type=\"column\">\n\t\t\t<div class=\"elementor-widget-wrap elementor-element-populated\">\n\t\t\t\t\t\t<div class=\"elementor-element elementor-element-6247c24 elementor-widget elementor-widget-image\" data-id=\"6247c24\" data-element_type=\"widget\" data-e-type=\"widget\" data-widget_type=\"image.default\">\n\t\t\t\t<div class=\"elementor-widget-container\">\n\t\t\t\t\t\t\t\t\t\t\t\t\t\t\t<img decoding=\"async\" src=\"https:\/\/larecettebypatchino.fr\/wp-content\/uploads\/2021\/02\/plant.jpg\" title=\"plant\" alt=\"plant\" loading=\"lazy\" \/>\t\t\t\t\t\t\t\t\t\t\t\t\t\t\t<\/div>\n\t\t\t\t<\/div>\n\t\t\t\t\t<\/div>\n\t\t<\/div>\n\t\t\t\t\t<\/div>\n\t\t<\/section>\n\t\t\t\t<section class=\"elementor-section elementor-top-section elementor-element elementor-element-3bec3e3 elementor-section-boxed elementor-section-height-default elementor-section-height-default\" data-id=\"3bec3e3\" data-element_type=\"section\" data-e-type=\"section\">\n\t\t\t\t\t\t<div class=\"elementor-container elementor-column-gap-default\">\n\t\t\t\t\t<div class=\"elementor-column elementor-col-50 elementor-top-column elementor-element elementor-element-c454f14\" data-id=\"c454f14\" data-element_type=\"column\" data-e-type=\"column\" data-settings=\"{&quot;background_background&quot;:&quot;slideshow&quot;,&quot;background_slideshow_gallery&quot;:[{&quot;id&quot;:186,&quot;url&quot;:&quot;https:\\\/\\\/larecettebypatchino.fr\\\/wp-content\\\/uploads\\\/2021\\\/02\\\/photos.jpg&quot;}],&quot;background_slideshow_loop&quot;:&quot;yes&quot;,&quot;background_slideshow_slide_duration&quot;:5000,&quot;background_slideshow_slide_transition&quot;:&quot;fade&quot;,&quot;background_slideshow_transition_duration&quot;:500}\">\n\t\t\t<div class=\"elementor-widget-wrap\">\n\t\t\t\t\t\t\t<\/div>\n\t\t<\/div>\n\t\t\t\t<div class=\"elementor-column elementor-col-50 elementor-top-column elementor-element elementor-element-72b9279\" data-id=\"72b9279\" data-element_type=\"column\" data-e-type=\"column\" data-settings=\"{&quot;background_background&quot;:&quot;classic&quot;}\">\n\t\t\t<div class=\"elementor-widget-wrap elementor-element-populated\">\n\t\t\t\t\t\t<div class=\"elementor-element elementor-element-1f2beaa elementor-widget elementor-widget-heading\" data-id=\"1f2beaa\" data-element_type=\"widget\" data-e-type=\"widget\" data-widget_type=\"heading.default\">\n\t\t\t\t<div class=\"elementor-widget-container\">\n\t\t\t\t\t<h3 class=\"elementor-heading-title elementor-size-default\">Nos formules<\/h3>\t\t\t\t<\/div>\n\t\t\t\t<\/div>\n\t\t\t\t<div class=\"elementor-element elementor-element-8bffc1b elementor-widget elementor-widget-heading\" data-id=\"8bffc1b\" data-element_type=\"widget\" data-e-type=\"widget\" data-widget_type=\"heading.default\">\n\t\t\t\t<div class=\"elementor-widget-container\">\n\t\t\t\t\t<p class=\"elementor-heading-title elementor-size-default\">Le midi<\/p>\t\t\t\t<\/div>\n\t\t\t\t<\/div>\n\t\t\t\t<div class=\"elementor-element elementor-element-3f7814f elementor-widget elementor-widget-text-editor\" data-id=\"3f7814f\" data-element_type=\"widget\" data-e-type=\"widget\" data-widget_type=\"text-editor.default\">\n\t\t\t\t<div class=\"elementor-widget-container\">\n\t\t\t\t\t\t\t\t\t<div dir=\"auto\"><p>\u2022 Plat : 16\u20ac<br \/>\u2022 Entr\u00e9e + Plat ou Plat + Dessert : 19,90\u20ac<br \/>\u2022 Entr\u00e9e + Plat + Dessert : 24,00\u20ac<\/p><\/div>\t\t\t\t\t\t\t\t<\/div>\n\t\t\t\t<\/div>\n\t\t\t\t<div class=\"elementor-element elementor-element-72dc685 elementor-widget elementor-widget-heading\" data-id=\"72dc685\" data-element_type=\"widget\" data-e-type=\"widget\" data-widget_type=\"heading.default\">\n\t\t\t\t<div class=\"elementor-widget-container\">\n\t\t\t\t\t<h3 class=\"elementor-heading-title elementor-size-default\">Plats \u00e0 emporter<\/h3>\t\t\t\t<\/div>\n\t\t\t\t<\/div>\n\t\t\t\t<div class=\"elementor-element elementor-element-57f3b7d elementor-widget elementor-widget-text-editor\" data-id=\"57f3b7d\" data-element_type=\"widget\" data-e-type=\"widget\" data-widget_type=\"text-editor.default\">\n\t\t\t\t<div class=\"elementor-widget-container\">\n\t\t\t\t\t\t\t\t\t<div dir=\"auto\"><p><span style=\"background-color: #f7f3ed;\">Consultez notre carte et commandez directement sur le site ! Vous pouvez-m\u00eame commander jusqu&rsquo;\u00e0 48h \u00e0 l&rsquo;avance !<\/span><\/p><\/div>\t\t\t\t\t\t\t\t<\/div>\n\t\t\t\t<\/div>\n\t\t\t\t<div class=\"elementor-element elementor-element-134ff44 elementor-widget elementor-widget-html\" data-id=\"134ff44\" data-element_type=\"widget\" data-e-type=\"widget\" data-widget_type=\"html.default\">\n\t\t\t\t<div class=\"elementor-widget-container\">\n\t\t\t\t\t<!-- If you would like to customize the button, remove or change the \"class\" attribute inside the <span> tag -->\n<span class=\"glf-button\" \n\nstyle=\"\n\npadding:10px; \nfont-size: 14px;\nfont-family: Poppins;\nborder-radius:30px;\nfont-weight: 700;\ntext-decoration: none;\nletter-spacing: 0px;\nbackground-color:#c30a15\"\n\n\n\ndata-glf-cuid=\"dead4843-f1fd-4a49-9a37-d945e20d9d0e\" data-glf-ruid=\"1df8c1a7-b143-4c25-b85c-a88dbb78dddc\" > VOIR LE MENU & COMMANDER <\/span>\n<script src=\"https:\/\/www.fbgcdn.com\/embedder\/js\/ewm2.js\" defer async ><\/script>\t\t\t\t<\/div>\n\t\t\t\t<\/div>\n\t\t\t\t<div class=\"elementor-element elementor-element-5ad13e9 elementor-widget elementor-widget-text-editor\" data-id=\"5ad13e9\" data-element_type=\"widget\" data-e-type=\"widget\" data-widget_type=\"text-editor.default\">\n\t\t\t\t<div class=\"elementor-widget-container\">\n\t\t\t\t\t\t\t\t\t<div dir=\"auto\"><p><b style=\"color: #c30a15;\">LIVRAISON<\/b><span style=\"color: #c30a15;\"><b><br \/><\/b><\/span><span style=\"letter-spacing: 0.1px;\">\u2022 Consultez les <\/span><span style=\"letter-spacing: 0.1px; text-decoration-line: underline;\"><span style=\"color: #c1101f;\"><a style=\"color: #c1101f;\" href=\"https:\/\/larecettebypatchino.fr\/wp-content\/uploads\/2021\/03\/tarifs_livraison.pdf\" target=\"_blank\" rel=\"noopener\">tarifs de livraison<\/a><\/span><\/span><\/p><\/div>\t\t\t\t\t\t\t\t<\/div>\n\t\t\t\t<\/div>\n\t\t\t\t\t<\/div>\n\t\t<\/div>\n\t\t\t\t\t<\/div>\n\t\t<\/section>\n\t\t\t\t<section class=\"elementor-section elementor-top-section elementor-element elementor-element-3c5cf08 elementor-section-boxed elementor-section-height-default elementor-section-height-default\" data-id=\"3c5cf08\" data-element_type=\"section\" data-e-type=\"section\">\n\t\t\t\t\t\t<div class=\"elementor-container elementor-column-gap-default\">\n\t\t\t\t\t<div class=\"elementor-column elementor-col-50 elementor-top-column elementor-element elementor-element-6802654\" data-id=\"6802654\" data-element_type=\"column\" data-e-type=\"column\" data-settings=\"{&quot;background_background&quot;:&quot;classic&quot;}\">\n\t\t\t<div class=\"elementor-widget-wrap elementor-element-populated\">\n\t\t\t\t\t\t<div class=\"elementor-element elementor-element-7ee6d7c elementor-widget elementor-widget-heading\" data-id=\"7ee6d7c\" data-element_type=\"widget\" data-e-type=\"widget\" data-widget_type=\"heading.default\">\n\t\t\t\t<div class=\"elementor-widget-container\">\n\t\t\t\t\t<h3 class=\"elementor-heading-title elementor-size-default\">Petit dej'<\/h3>\t\t\t\t<\/div>\n\t\t\t\t<\/div>\n\t\t\t\t<div class=\"elementor-element elementor-element-2f4e547 elementor-widget elementor-widget-heading\" data-id=\"2f4e547\" data-element_type=\"widget\" data-e-type=\"widget\" data-widget_type=\"heading.default\">\n\t\t\t\t<div class=\"elementor-widget-container\">\n\t\t\t\t\t<p class=\"elementor-heading-title elementor-size-default\">Le matin d\u00e8s 8h30<\/p>\t\t\t\t<\/div>\n\t\t\t\t<\/div>\n\t\t\t\t<div class=\"elementor-element elementor-element-be3db9d elementor-widget elementor-widget-text-editor\" data-id=\"be3db9d\" data-element_type=\"widget\" data-e-type=\"widget\" data-widget_type=\"text-editor.default\">\n\t\t\t\t<div class=\"elementor-widget-container\">\n\t\t\t\t\t\t\t\t\t<div dir=\"auto\"><p><span style=\"font-size: 16px; letter-spacing: normal;\">La brasserie by Patchino vous propose un petit d\u00e9jeuner \u00e0 la Fran\u00e7aise avec une grande boisson chaude, une viennoiserie ou des tartines au beurre et confiture, et un jus de fruits.<br \/>Un petit dej&rsquo; complet pour 7\u20ac.<\/span><\/p><\/div><div dir=\"auto\">\u00a0<\/div>\t\t\t\t\t\t\t\t<\/div>\n\t\t\t\t<\/div>\n\t\t\t\t<div class=\"elementor-element elementor-element-44b8e3a elementor-widget elementor-widget-heading\" data-id=\"44b8e3a\" data-element_type=\"widget\" data-e-type=\"widget\" data-widget_type=\"heading.default\">\n\t\t\t\t<div class=\"elementor-widget-container\">\n\t\t\t\t\t<h3 class=\"elementor-heading-title elementor-size-default\">Repas d'entreprise<\/h3>\t\t\t\t<\/div>\n\t\t\t\t<\/div>\n\t\t\t\t<div class=\"elementor-element elementor-element-a7cde6b elementor-widget elementor-widget-heading\" data-id=\"a7cde6b\" data-element_type=\"widget\" data-e-type=\"widget\" data-widget_type=\"heading.default\">\n\t\t\t\t<div class=\"elementor-widget-container\">\n\t\t\t\t\t<p class=\"elementor-heading-title elementor-size-default\">Sur demande<\/p>\t\t\t\t<\/div>\n\t\t\t\t<\/div>\n\t\t\t\t<div class=\"elementor-element elementor-element-47b64f9 elementor-widget elementor-widget-text-editor\" data-id=\"47b64f9\" data-element_type=\"widget\" data-e-type=\"widget\" data-widget_type=\"text-editor.default\">\n\t\t\t\t<div class=\"elementor-widget-container\">\n\t\t\t\t\t\t\t\t\t<div dir=\"auto\"><p>Pour toutes demandes de repas d&rsquo;entreprise ou de petits d\u00e9jeuners, vous pouvez nous contacter afin d&rsquo;\u00e9tudier au mieux une proposition sur-mesure.<\/p><\/div>\t\t\t\t\t\t\t\t<\/div>\n\t\t\t\t<\/div>\n\t\t\t\t<div class=\"elementor-element elementor-element-6fba6c1 elementor-widget elementor-widget-button\" data-id=\"6fba6c1\" data-element_type=\"widget\" data-e-type=\"widget\" data-widget_type=\"button.default\">\n\t\t\t\t<div class=\"elementor-widget-container\">\n\t\t\t\t\t\t\t\t\t<div class=\"elementor-button-wrapper\">\n\t\t\t\t\t<a class=\"elementor-button elementor-button-link elementor-size-md\" href=\"https:\/\/larecettebypatchino.fr\/index.php\/contacts\/\">\n\t\t\t\t\t\t<span class=\"elementor-button-content-wrapper\">\n\t\t\t\t\t\t\t\t\t<span class=\"elementor-button-text\">Acc\u00e9dez au formulaire <\/span>\n\t\t\t\t\t<\/span>\n\t\t\t\t\t<\/a>\n\t\t\t\t<\/div>\n\t\t\t\t\t\t\t\t<\/div>\n\t\t\t\t<\/div>\n\t\t\t\t\t<\/div>\n\t\t<\/div>\n\t\t\t\t<div class=\"elementor-column elementor-col-50 elementor-top-column elementor-element elementor-element-f393137\" data-id=\"f393137\" data-element_type=\"column\" data-e-type=\"column\" data-settings=\"{&quot;background_background&quot;:&quot;slideshow&quot;,&quot;background_slideshow_gallery&quot;:[{&quot;id&quot;:205,&quot;url&quot;:&quot;https:\\\/\\\/larecettebypatchino.fr\\\/wp-content\\\/uploads\\\/2021\\\/02\\\/107805803_1462479590627880_3183622644843766888_o.jpg&quot;},{&quot;id&quot;:207,&quot;url&quot;:&quot;https:\\\/\\\/larecettebypatchino.fr\\\/wp-content\\\/uploads\\\/2021\\\/02\\\/repas_dentreprise.jpg&quot;}],&quot;background_slideshow_loop&quot;:&quot;yes&quot;,&quot;background_slideshow_slide_duration&quot;:5000,&quot;background_slideshow_slide_transition&quot;:&quot;fade&quot;,&quot;background_slideshow_transition_duration&quot;:500}\">\n\t\t\t<div class=\"elementor-widget-wrap\">\n\t\t\t\t\t\t\t<\/div>\n\t\t<\/div>\n\t\t\t\t\t<\/div>\n\t\t<\/section>\n\t\t\t\t<\/div>\n\t\t","protected":false},"excerpt":{"rendered":"<p>La Recette By Patchino Situ\u00e9 \u00e0 Boujan-Sur-Libron, \u00e0 100m apr\u00e8s la Clinique St-Privat, LA RECETTE BY PATCHINO vous re\u00e7oit d\u00e8s 8h30 pour un petit d\u00e9jeuner \u00e0 la Fran\u00e7aise. La Brasserie vous propose ses Formules du midi avec ses recettes \u00e0 base de produits frais de saison, sur place ou \u00e0 emporter sur commande; vous pourrez&hellip;&nbsp;<a href=\"https:\/\/larecettebypatchino.fr\/index.php\/a-propos\/\" rel=\"bookmark\">Lire la suite &raquo;<span class=\"screen-reader-text\">\u00c0 propos<\/span><\/a><\/p>\n","protected":false},"author":1,"featured_media":0,"parent":0,"menu_order":0,"comment_status":"closed","ping_status":"closed","template":"","meta":{"neve_meta_sidebar":"","neve_meta_container":"","neve_meta_enable_content_width":"on","neve_meta_content_width":100,"neve_meta_title_alignment":"","neve_meta_author_avatar":"","neve_post_elements_order":"","neve_meta_disable_header":"","neve_meta_disable_footer":"","neve_meta_disable_title":"on","footnotes":""},"class_list":["post-7","page","type-page","status-publish","hentry"],"_links":{"self":[{"href":"https:\/\/larecettebypatchino.fr\/index.php\/wp-json\/wp\/v2\/pages\/7","targetHints":{"allow":["GET"]}}],"collection":[{"href":"https:\/\/larecettebypatchino.fr\/index.php\/wp-json\/wp\/v2\/pages"}],"about":[{"href":"https:\/\/larecettebypatchino.fr\/index.php\/wp-json\/wp\/v2\/types\/page"}],"author":[{"embeddable":true,"href":"https:\/\/larecettebypatchino.fr\/index.php\/wp-json\/wp\/v2\/users\/1"}],"replies":[{"embeddable":true,"href":"https:\/\/larecettebypatchino.fr\/index.php\/wp-json\/wp\/v2\/comments?post=7"}],"version-history":[{"count":45,"href":"https:\/\/larecettebypatchino.fr\/index.php\/wp-json\/wp\/v2\/pages\/7\/revisions"}],"predecessor-version":[{"id":1052,"href":"https:\/\/larecettebypatchino.fr\/index.php\/wp-json\/wp\/v2\/pages\/7\/revisions\/1052"}],"wp:attachment":[{"href":"https:\/\/larecettebypatchino.fr\/index.php\/wp-json\/wp\/v2\/media?parent=7"}],"curies":[{"name":"wp","href":"https:\/\/api.w.org\/{rel}","templated":true}]}}